{"id":168,"date":"2024-09-23T14:40:31","date_gmt":"2024-09-23T12:40:31","guid":{"rendered":"http:\/\/pe.nezignan.fr\/?page_id=168"},"modified":"2024-09-24T11:30:54","modified_gmt":"2024-09-24T09:30:54","slug":"documentation","status":"publish","type":"page","link":"https:\/\/pe.nezignan.fr\/index.php\/documentation\/","title":{"rendered":"Documentation"},"content":{"rendered":"\t\t<div data-elementor-type=\"wp-page\" data-elementor-id=\"168\" class=\"elementor elementor-168\">\n\t\t\t\t<div class=\"elementor-element elementor-element-4986861 e-flex e-con-boxed e-con e-parent\" data-id=\"4986861\" data-element_type=\"container\">\n\t\t\t\t\t<div class=\"e-con-inner\">\n\t\t<div class=\"elementor-element elementor-element-6aa6e74 e-con-full e-flex e-con e-child\" data-id=\"6aa6e74\" data-element_type=\"container\">\n\t\t\t\t<div class=\"elementor-element elementor-element-775276e elementor-widget elementor-widget-text-editor\" data-id=\"775276e\" data-element_type=\"widget\" data-widget_type=\"text-editor.default\">\n\t\t\t\t<div class=\"elementor-widget-container\">\n\t\t\t\t\t\t\t\t\t<p style=\"text-align: center;\"><strong>Cet espace de t\u00e9l\u00e9chargement est d\u00e9di\u00e9 aux parents du Groupe Scolaire Georges BRASSENS.\u00a0<\/strong><\/p>\t\t\t\t\t\t\t\t<\/div>\n\t\t\t\t<\/div>\n\t\t\t\t<\/div>\n\t\t\t\t<div class=\"elementor-element elementor-element-85579db elementor-widget elementor-widget-shortcode\" data-id=\"85579db\" data-element_type=\"widget\" data-widget_type=\"shortcode.default\">\n\t\t\t\t<div class=\"elementor-widget-container\">\n\t\t\t\t\t\t\t<div class=\"elementor-shortcode\">\n    <script>\n        jQuery(function($){\n\n            var __dt = $('#wpdmmydls-7918af8e8c8573ee0f197e2bc2bd004a').dataTable({\n                \"dom\": '<\"wpdmdt-toolbar\"lfrB>t<\"wpdmdt-toolbarb\"ip>',\n                responsive: true,\n                \"order\": [[ 0, \"asc\" ]],\n                \"language\": {\n                    \"lengthMenu\": \"Afficher _MENU_ t\u00e9l\u00e9chargements par page\",\n                    \"zeroRecords\": \"Aucun paquet trouv\u00e9\",\n                    \"info\": \"Affichage des t\u00e9l\u00e9chargements _START_ \u00e0 _END_ sur _TOTAL_ t\u00e9l\u00e9chargements\",\n                    \"infoEmpty\": \"Aucun t\u00e9l\u00e9chargement disponible\",\n                    \"infoFiltered\": \"(filtr\u00e9s sur un total de _MAX_ t\u00e9l\u00e9chargements)\",\n                    \"emptyTable\":     \"Aucune donn\u00e9e disponible\",\n                    \"infoPostFix\":    \"\",\n                    \"thousands\":      \",\",\n                    \"loadingRecords\": \"Chargement en cours\u2026\",\n                    \"processing\":     \"En cours de traitement\u2026\",\n                    \"search\":         \"Rechercher\u00a0:\",\n                    \"paginate\": {\n                        \"first\":      \"Premier\",\n                        \"last\":       \"Dernier\",\n                        \"next\":       \"Suivant\",\n                        \"previous\":   \"Pr\u00e9c\u00e9dent\"\n                    },\n                    \"aria\": {\n                        \"sortAscending\":  \" : activer pour trier la colonne par ordre croissant\",\n                        \"sortDescending\": \": activer pour trier la colonne par ordre d\u00e9croissant\"\n                    }\n                },\n                \"iDisplayLength\": 30,\n                \"aLengthMenu\": [[30, 10, 25, 50, -1], [30, 10, 25, 50, \"Tout\"]]\n            });\n\n                    });\n    <\/script>\n<style>\n    .wpdmdt-toolbar {\n        padding: 10px;\n    }\n    .wpdmdt-toolbarb {\n        padding: 5px 10px 10px;\n    }\n    .wpdmdt-toolbar > div {\n        display: inline-block;\n    }\n    table,td,th{\n        border: 0;\n    }\n    #wpdm-all-packages .card{\n        overflow: hidden;\n    }\n    .dataTables_wrapper .table{\n        margin: 0;\n    }\n    #wpdmmydls-7918af8e8c8573ee0f197e2bc2bd004a{\n        border-bottom: 1px solid #dddddd;\n        border-top: 1px solid #dddddd;\n        font-size: 10pt;\n        min-width: 100%;\n    }\n    #wpdmmydls-7918af8e8c8573ee0f197e2bc2bd004a .wpdm-download-link img{\n        box-shadow: none !important;\n        max-width: 100%;\n    }\n    .w3eden .pagination{\n        margin: 0 !important;\n    }\n    #wpdmmydls-7918af8e8c8573ee0f197e2bc2bd004a td:not(:first-child){\n        vertical-align: middle !important;\n    }\n    #wpdmmydls-7918af8e8c8573ee0f197e2bc2bd004a td.__dt_col_download_link .btn{\n        display: block;\n        width: 100%;\n    }\n    #wpdmmydls-7918af8e8c8573ee0f197e2bc2bd004a td.__dt_col_download_link,\n    #wpdmmydls-7918af8e8c8573ee0f197e2bc2bd004a th#download_link{\n        max-width: 155px !important;\n        width: 155px;\n\n    }\n    #wpdmmydls-7918af8e8c8573ee0f197e2bc2bd004a th{\n        background-color: rgba(0,0,0,0.04);\n        border-bottom: 1px solid rgba(0,0,0,0.025);\n    }\n    #wpdmmydls-7918af8e8c8573ee0f197e2bc2bd004a_length label,\n    #wpdmmydls-7918af8e8c8573ee0f197e2bc2bd004a_filter label{\n        font-weight: 400;\n    }\n    #wpdmmydls-7918af8e8c8573ee0f197e2bc2bd004a_filter input[type=search]{\n        display: inline-block;\n        width: 200px;\n    }\n    #wpdmmydls-7918af8e8c8573ee0f197e2bc2bd004a_length select{\n        display: inline-block;\n        width: 60px;\n    }\n\n    #wpdmmydls-7918af8e8c8573ee0f197e2bc2bd004a .package-title{\n        color:#36597C;\n        font-size: 11pt;\n        font-weight: 700;\n    }\n    #wpdmmydls-7918af8e8c8573ee0f197e2bc2bd004a .small-txt{\n        margin-right: 7px;\n    }\n    #wpdmmydls-7918af8e8c8573ee0f197e2bc2bd004a td{\n        min-width: 150px;\n    }\n\n    #wpdmmydls-7918af8e8c8573ee0f197e2bc2bd004a td.__dt_col_categories{\n        max-width: 300px;\n    }\n\n    #wpdmmydls-7918af8e8c8573ee0f197e2bc2bd004a .small-txt,\n    #wpdmmydls-7918af8e8c8573ee0f197e2bc2bd004a small{\n        font-size: 9pt;\n    }\n    .w3eden .table-striped tbody tr:nth-of-type(2n+1) {\n        background-color: rgba(0,0,0,0.015);\n    }\n    .dataTables_wrapper .dataTables_paginate .paginate_button:active,\n    .dataTables_wrapper .dataTables_paginate .paginate_button:focus,\n    .dataTables_wrapper .dataTables_paginate .paginate_button:hover,\n    .dataTables_wrapper .dataTables_paginate .paginate_button{\n        margin: 0 !important;\n        padding: 0 !important;\n        border: 0 !important;\n        background: transparent !important;\n    }\n\n\n    @media (max-width: 799px) {\n        #wpdmmydls-7918af8e8c8573ee0f197e2bc2bd004a tr {\n            display: block;\n            border: 3px solid rgba(0,0,0,0.3) !important;\n            margin-bottom: 10px !important;\n            position: relative;\n        }\n        #wpdmmydls-7918af8e8c8573ee0f197e2bc2bd004a thead{\n            display: none;\n        }\n        #wpdmmydls-7918af8e8c8573ee0f197e2bc2bd004a,\n        #wpdmmydls-7918af8e8c8573ee0f197e2bc2bd004a td:first-child {\n            border: 0 !important;\n        }\n        #wpdmmydls-7918af8e8c8573ee0f197e2bc2bd004a td {\n            display: block;\n        }\n        #wpdmmydls-7918af8e8c8573ee0f197e2bc2bd004a td.__dt_col_download_link {\n            display: block;\n            max-width: 100% !important;\n            width: auto !important;\n\n        }\n    }\n\n\n<\/style>\n<div class=\"w3eden\">\n    <div id=\"wpdm-all-packages\">\n        <table id=\"wpdmmydls-7918af8e8c8573ee0f197e2bc2bd004a\" class=\"table table-striped wpdm-all-packages-table\">\n            <thead>\n            <tr>\n                                <th style=\"\"  id=\"pagelink\" class=\"\">Titre<\/th>\n                                <th style=\"\"  id=\"categories\" class=\"hidden-sm hidden-xs\">Cat\u00e9gories<\/th>\n                                <th style=\"\"  id=\"updatedate\" class=\"hidden-sm hidden-xs\">Date de mise \u00e0 jour<\/th>\n                                <th style=\"\"  id=\"downloadlink\" class=\"hidden-sm hidden-xs\">T\u00e9l\u00e9charger<\/th>\n                \n            <\/tr>\n            <\/thead>\n            <tbody>\n            \n                    <tr class=\"__dt_row\">\n                                                <td  class=\"__dt_col_0 __dt_col __dt_col_page_link\" style=\"background-image: url('https:\/\/pe.nezignan.fr\/wp-content\/plugins\/download-manager\/assets\/file-type-icons\/jpeg.svg');background-size: 36px;background-position: 5px 8px;background-repeat:  no-repeat;padding-left: 52px;line-height: normal;\">\n                            <a class=\"package-title\" href='https:\/\/pe.nezignan.fr\/index.php\/download\/trombinoscope-2024-2025\/'>Trombinoscope 2024\/2025<\/a><br\/><span class='__dt_file_count small-txt'>1<\/span><span class='__dt_download_count small-txt'><i class=\"far fa-arrow-alt-circle-down\"><\/i> 3 t\u00e9l\u00e9chargements<\/span><div class=\"hidden-md hidden-lg td-mobile\"><\/div>\n\n                        <\/td>\n                                                <td  class=\"__dt_col_1 __dt_col __dt_col_categories\" >\n                            <span class='__dt_categories '><a class='sbyc' href='https:\/\/pe.nezignan.fr\/index.php\/documentation\/?tax%5Bwpdmcategory%5D=libre'>Libre<\/a><\/span>\n\n                        <\/td>\n                                                <td  data-order=\"1728864000\"  class=\"__dt_col_2 __dt_col __dt_col_update_date\" >\n                            <span class='__dt_update_date '>14\/10\/2024<\/span>\n\n                        <\/td>\n                                                <td  class=\"__dt_col_3 __dt_col __dt_col_download_link\" >\n                            <a class='wpdm-download-link download-on-click btn btn-primary ' rel='nofollow' href='#' data-downloadurl=\"https:\/\/pe.nezignan.fr\/index.php\/download\/trombinoscope-2024-2025\/?wpdmdl=452&refresh=69df2a86d06ff1776233094\">T\u00e9l\u00e9charger<\/a>\n\n                        <\/td>\n                        \n                    <\/tr>\n                \n                    <tr class=\"__dt_row\">\n                                                <td  class=\"__dt_col_0 __dt_col __dt_col_page_link\" style=\"background-image: url('https:\/\/pe.nezignan.fr\/wp-content\/plugins\/download-manager\/assets\/file-type-icons\/jpeg.svg');background-size: 36px;background-position: 5px 8px;background-repeat:  no-repeat;padding-left: 52px;line-height: normal;\">\n                            <a class=\"package-title\" href='https:\/\/pe.nezignan.fr\/index.php\/download\/guide-pour-les-parents\/'>Guide pour les parents<\/a><br\/><span class='__dt_file_count small-txt'>1<\/span><span class='__dt_download_count small-txt'><i class=\"far fa-arrow-alt-circle-down\"><\/i> 2 t\u00e9l\u00e9chargements<\/span><div class=\"hidden-md hidden-lg td-mobile\"><\/div>\n\n                        <\/td>\n                                                <td  class=\"__dt_col_1 __dt_col __dt_col_categories\" >\n                            <span class='__dt_categories '><a class='sbyc' href='https:\/\/pe.nezignan.fr\/index.php\/documentation\/?tax%5Bwpdmcategory%5D=libre'>Libre<\/a><\/span>\n\n                        <\/td>\n                                                <td  data-order=\"1728864000\"  class=\"__dt_col_2 __dt_col __dt_col_update_date\" >\n                            <span class='__dt_update_date '>14\/10\/2024<\/span>\n\n                        <\/td>\n                                                <td  class=\"__dt_col_3 __dt_col __dt_col_download_link\" >\n                            <a class='wpdm-download-link download-on-click btn btn-primary ' rel='nofollow' href='#' data-downloadurl=\"https:\/\/pe.nezignan.fr\/index.php\/download\/guide-pour-les-parents\/?wpdmdl=451&refresh=69df2a86d23331776233094\">T\u00e9l\u00e9charger<\/a>\n\n                        <\/td>\n                        \n                    <\/tr>\n                \n                    <tr class=\"__dt_row\">\n                                                <td  class=\"__dt_col_0 __dt_col __dt_col_page_link\" style=\"background-image: url('https:\/\/pe.nezignan.fr\/wp-content\/plugins\/download-manager\/assets\/file-type-icons\/pdf.svg');background-size: 36px;background-position: 5px 8px;background-repeat:  no-repeat;padding-left: 52px;line-height: normal;\">\n                            <a class=\"package-title\" href='https:\/\/pe.nezignan.fr\/index.php\/download\/guide-vote-elections-2024-p-e\/'>Guide vote  \u00e9lections 2024 P-E<\/a><br\/><span class='__dt_file_count small-txt'>1<\/span><span class='__dt_download_count small-txt'><i class=\"far fa-arrow-alt-circle-down\"><\/i> 4 t\u00e9l\u00e9chargements<\/span><div class=\"hidden-md hidden-lg td-mobile\"><\/div>\n\n                        <\/td>\n                                                <td  class=\"__dt_col_1 __dt_col __dt_col_categories\" >\n                            <span class='__dt_categories '><a class='sbyc' href='https:\/\/pe.nezignan.fr\/index.php\/documentation\/?tax%5Bwpdmcategory%5D=election-p-e'>Election P-E<\/a>, <a class='sbyc' href='https:\/\/pe.nezignan.fr\/index.php\/documentation\/?tax%5Bwpdmcategory%5D=libre'>Libre<\/a><\/span>\n\n                        <\/td>\n                                                <td  data-order=\"1727740800\"  class=\"__dt_col_2 __dt_col __dt_col_update_date\" >\n                            <span class='__dt_update_date '>01\/10\/2024<\/span>\n\n                        <\/td>\n                                                <td  class=\"__dt_col_3 __dt_col __dt_col_download_link\" >\n                            <a class='wpdm-download-link download-on-click btn btn-primary ' rel='nofollow' href='#' data-downloadurl=\"https:\/\/pe.nezignan.fr\/index.php\/download\/guide-vote-elections-2024-p-e\/?wpdmdl=432&refresh=69df2a86d4e4c1776233094\">T\u00e9l\u00e9charger<\/a>\n\n                        <\/td>\n                        \n                    <\/tr>\n                \n                    <tr class=\"__dt_row\">\n                                                <td  class=\"__dt_col_0 __dt_col __dt_col_page_link\" style=\"background-image: url('https:\/\/pe.nezignan.fr\/wp-content\/plugins\/download-manager\/assets\/file-type-icons\/png.svg');background-size: 36px;background-position: 5px 8px;background-repeat:  no-repeat;padding-left: 52px;line-height: normal;\">\n                            <a class=\"package-title\" href='https:\/\/pe.nezignan.fr\/index.php\/download\/bulletin-de-vote-2024-2025\/'>Bulletin de vote 2024-2025<\/a><br\/><span class='__dt_file_count small-txt'>1<\/span><span class='__dt_download_count small-txt'><i class=\"far fa-arrow-alt-circle-down\"><\/i> 3 t\u00e9l\u00e9chargements<\/span><div class=\"hidden-md hidden-lg td-mobile\"><\/div>\n\n                        <\/td>\n                                                <td  class=\"__dt_col_1 __dt_col __dt_col_categories\" >\n                            <span class='__dt_categories '><a class='sbyc' href='https:\/\/pe.nezignan.fr\/index.php\/documentation\/?tax%5Bwpdmcategory%5D=election-p-e'>Election P-E<\/a>, <a class='sbyc' href='https:\/\/pe.nezignan.fr\/index.php\/documentation\/?tax%5Bwpdmcategory%5D=libre'>Libre<\/a><\/span>\n\n                        <\/td>\n                                                <td  data-order=\"1727740800\"  class=\"__dt_col_2 __dt_col __dt_col_update_date\" >\n                            <span class='__dt_update_date '>01\/10\/2024<\/span>\n\n                        <\/td>\n                                                <td  class=\"__dt_col_3 __dt_col __dt_col_download_link\" >\n                            <a class='wpdm-download-link download-on-click btn btn-primary ' rel='nofollow' href='#' data-downloadurl=\"https:\/\/pe.nezignan.fr\/index.php\/download\/bulletin-de-vote-2024-2025\/?wpdmdl=431&refresh=69df2a86d65a51776233094\">T\u00e9l\u00e9charger<\/a>\n\n                        <\/td>\n                        \n                    <\/tr>\n                \n                    <tr class=\"__dt_row\">\n                                                <td  class=\"__dt_col_0 __dt_col __dt_col_page_link\" style=\"background-image: url('https:\/\/pe.nezignan.fr\/wp-content\/plugins\/download-manager\/assets\/file-type-icons\/jpg.svg');background-size: 36px;background-position: 5px 8px;background-repeat:  no-repeat;padding-left: 52px;line-height: normal;\">\n                            <a class=\"package-title\" href='https:\/\/pe.nezignan.fr\/index.php\/download\/flyer-aide-aux-devoirs\/'>Flyer aide aux devoirs<\/a><br\/><span class='__dt_file_count small-txt'>1<\/span><span class='__dt_download_count small-txt'><i class=\"far fa-arrow-alt-circle-down\"><\/i> 6 t\u00e9l\u00e9chargements<\/span><div class=\"hidden-md hidden-lg td-mobile\"><\/div>\n\n                        <\/td>\n                                                <td  class=\"__dt_col_1 __dt_col __dt_col_categories\" >\n                            <span class='__dt_categories '><a class='sbyc' href='https:\/\/pe.nezignan.fr\/index.php\/documentation\/?tax%5Bwpdmcategory%5D=libre'>Libre<\/a><\/span>\n\n                        <\/td>\n                                                <td  data-order=\"1727049600\"  class=\"__dt_col_2 __dt_col __dt_col_update_date\" >\n                            <span class='__dt_update_date '>23\/09\/2024<\/span>\n\n                        <\/td>\n                                                <td  class=\"__dt_col_3 __dt_col __dt_col_download_link\" >\n                            <a class='wpdm-download-link download-on-click btn btn-primary ' rel='nofollow' href='#' data-downloadurl=\"https:\/\/pe.nezignan.fr\/index.php\/download\/flyer-aide-aux-devoirs\/?wpdmdl=282&refresh=69df2a86d83811776233094\">T\u00e9l\u00e9charger<\/a>\n\n                        <\/td>\n                        \n                    <\/tr>\n                                        <\/tbody>\n        <\/table>\n\n        <div class='text-center'><ul class='pagination wpdm-pagination pagination-centered text-center'><\/ul><\/div>\n    <\/div>\n<\/div>\n<\/div>\n\t\t\t\t\t\t<\/div>\n\t\t\t\t<\/div>\n\t\t\t\t\t<\/div>\n\t\t\t\t<\/div>\n\t\t\t\t<\/div>\n\t\t","protected":false},"excerpt":{"rendered":"<p>Cet espace de t\u00e9l\u00e9chargement est d\u00e9di\u00e9 aux parents du Groupe Scolaire Georges BRASSENS.\u00a0<\/p>\n","protected":false},"author":1,"featured_media":0,"parent":0,"menu_order":0,"comment_status":"closed","ping_status":"closed","template":"","meta":{"footnotes":""},"class_list":["post-168","page","type-page","status-publish","hentry"],"rttpg_featured_image_url":null,"rttpg_author":{"display_name":"admin","author_link":"https:\/\/pe.nezignan.fr\/index.php\/author\/admin6909\/"},"rttpg_comment":0,"rttpg_category":null,"rttpg_excerpt":"Cet espace de t\u00e9l\u00e9chargement est d\u00e9di\u00e9 aux parents du Groupe Scolaire Georges BRASSENS.\u00a0","_links":{"self":[{"href":"https:\/\/pe.nezignan.fr\/index.php\/wp-json\/wp\/v2\/pages\/168","targetHints":{"allow":["GET"]}}],"collection":[{"href":"https:\/\/pe.nezignan.fr\/index.php\/wp-json\/wp\/v2\/pages"}],"about":[{"href":"https:\/\/pe.nezignan.fr\/index.php\/wp-json\/wp\/v2\/types\/page"}],"author":[{"embeddable":true,"href":"https:\/\/pe.nezignan.fr\/index.php\/wp-json\/wp\/v2\/users\/1"}],"replies":[{"embeddable":true,"href":"https:\/\/pe.nezignan.fr\/index.php\/wp-json\/wp\/v2\/comments?post=168"}],"version-history":[{"count":10,"href":"https:\/\/pe.nezignan.fr\/index.php\/wp-json\/wp\/v2\/pages\/168\/revisions"}],"predecessor-version":[{"id":326,"href":"https:\/\/pe.nezignan.fr\/index.php\/wp-json\/wp\/v2\/pages\/168\/revisions\/326"}],"wp:attachment":[{"href":"https:\/\/pe.nezignan.fr\/index.php\/wp-json\/wp\/v2\/media?parent=168"}],"curies":[{"name":"wp","href":"https:\/\/api.w.org\/{rel}","templated":true}]}}